{"id":37,"date":"2021-04-01T20:18:41","date_gmt":"2021-04-01T20:18:41","guid":{"rendered":"https:\/\/ccsei.upt.ro\/?page_id=37"},"modified":"2024-02-12T16:15:59","modified_gmt":"2024-02-12T16:15:59","slug":"people-2","status":"publish","type":"page","link":"https:\/\/ccsei.upt.ro\/index.php\/people-2\/","title":{"rendered":"People"},"content":{"rendered":"\n<figure class=\"wp-block-table is-style-regular\"><table class=\"has-fixed-layout\"><tbody><tr><td class=\"has-text-align-center\" data-align=\"center\"><strong>Applied Electronics<\/strong><br><strong>Department<\/strong><\/td><td class=\"has-text-align-center\" data-align=\"center\"><strong>Communications <br>Department<\/strong><\/td><td class=\"has-text-align-center\" data-align=\"center\"><strong>Measurements and Optical Electronics<\/strong><br><strong>Department<\/strong><\/td><\/tr><tr><td class=\"has-text-align-center\" data-align=\"center\"><strong>Staff<\/strong><br><br>Dan Lascu<br>Aurel Gontean<br><strong>C\u0103t\u0103lin C\u0103leanu &#8211; Director<\/strong><br>Dorina Isar<br>Ioan Lie<br>Georgiana Simion<br>Ioana-Monica Pop-C\u0103limanu<br>Valentin Bogdan Marinca<br>Mircea B\u0103b\u0103i\u021b\u0103<br>Adrian Popovici<br>Roland Szabo<br>Adrian-Ionel Avram<br>Aurel Cire\u0219an<br>Marllene D\u0103ne\u021bi<br>Mircea Gurbin\u0103<br>Valentin M\u0103r\u0103nescu<br>Radu M\u00eer\u0219u<br>Corin-Felix Ote\u0219teanu<br>Petru Papazian<br>Ciprian Seiculescu<br>Ion-Rare\u0219 Stanciu<br>Mircea Tomoroga<br>Ramona Mu\u0163iu<br>Aurel Filip<br>Cristian Valentin Ionici<br>Septimiu Lic\u0103<br>Sorin Popescu<br>Cristina S\u00eerbu<br> <br><strong>Ph.D. Students<\/strong><br><br>Szilard Bularka<br>Andrei-Marius Burta<br>Corina Nicoleta Covaci<br>Boglut Alexandru<br>Ioan Lucan Or\u0103\u0219an<br>Mihai Traian Andreescu<br>Sighencea Bogdan<br>Evelyn Astrid Lovasz<br>Cristian Marius Lupou<br>Ismet Porobic<br>Radu \u0218tefan Ricman<br>Alexandru Sfira\u021b<br>Shen Wensong<\/td><td class=\"has-text-align-center\" data-align=\"center\"><strong>Staff<\/strong> <br><br><strong>Marius Ote\u0219teanu &#8211; Founder<\/strong><br>Daniel Popa<br><strong>Florin Alexa &#8211; Deputy Director<\/strong><br>Valentin Ni\u021b\u0103<br>Cristina Stolojescu<br>Gordana Barb \u00a0<br>Petrita Teodor<br>Cirpian David<br><\/td><td class=\"has-text-align-center\" data-align=\"center\"><strong>Staff<\/strong> <br> <br>Aldo De Sabata<br>Daniel Belega<br>Mihaela Lascu<br><strong>Raul Ionel &#8211; Deputy Director<\/strong><br>Cosmin Ancu\u021bi<br>Ciprian Dughir<br>Septimiu Mischie<br>Liliana M\u00e2\u021biu-Iovan<br>Codru\u021ba Ancu\u021bi<br>Cora Iftode<br>Robert Pazsitka<br>Gabriel G\u0103\u0219p\u0103resc<br>Silaghi Andrei Marius<br>P\u0103curar Octavian Teodor<br><br><strong>Ph.D. Students<\/strong><br><br>Kis Arpad<br>Buta Petru Adrian<br>B\u0103lan C\u0103t\u0103lin Iulian<br>Goan\u021b\u0103  Ion<br>Stoic\u0103nescu Miruna Aura<br>Schweisthal Brigitte-Beatrix<br>Bonciog Dumitru Daniel<br>Mihala\u0219 Constantin Daniel<br>Munteanu Dragos<br>Pov\u00eernaru Elena Flavia<br>Prundeanu Alexandru Sebastian<\/td><\/tr><\/tbody><\/table><\/figure>\n","protected":false},"excerpt":{"rendered":"<p>Applied ElectronicsDepartment Communications Department Measurements and Optical ElectronicsDepartment Staff Dan LascuAurel GonteanC\u0103t\u0103lin C\u0103leanu &#8211; DirectorDorina IsarIoan LieGeorgiana SimionIoana-Monica Pop-C\u0103limanuValentin Bogdan MarincaMircea B\u0103b\u0103i\u021b\u0103Adrian PopoviciRoland SzaboAdrian-Ionel AvramAurel Cire\u0219anMarllene D\u0103ne\u021biMircea Gurbin\u0103Valentin M\u0103r\u0103nescuRadu M\u00eer\u0219uCorin-Felix Ote\u0219teanuPetru PapazianCiprian SeiculescuIon-Rare\u0219 StanciuMircea TomorogaRamona Mu\u0163iuAurel FilipCristian Valentin IoniciSeptimiu Lic\u0103Sorin PopescuCristina S\u00eerbu Ph.D. Students Szilard BularkaAndrei-Marius BurtaCorina Nicoleta CovaciBoglut AlexandruIoan Lucan Or\u0103\u0219anMihai Traian AndreescuSighencea BogdanEvelyn&#8230;<\/p>\n<p class=\"more-link\"><a href=\"https:\/\/ccsei.upt.ro\/index.php\/people-2\/\"><span>Read More<\/span><i>&#43;<\/i><\/a><\/p>\n","protected":false},"author":2,"featured_media":0,"parent":0,"menu_order":0,"comment_status":"closed","ping_status":"closed","template":"","meta":[],"_links":{"self":[{"href":"https:\/\/ccsei.upt.ro\/index.php\/wp-json\/wp\/v2\/pages\/37"}],"collection":[{"href":"https:\/\/ccsei.upt.ro\/index.php\/wp-json\/wp\/v2\/pages"}],"about":[{"href":"https:\/\/ccsei.upt.ro\/index.php\/wp-json\/wp\/v2\/types\/page"}],"author":[{"embeddable":true,"href":"https:\/\/ccsei.upt.ro\/index.php\/wp-json\/wp\/v2\/users\/2"}],"replies":[{"embeddable":true,"href":"https:\/\/ccsei.upt.ro\/index.php\/wp-json\/wp\/v2\/comments?post=37"}],"version-history":[{"count":11,"href":"https:\/\/ccsei.upt.ro\/index.php\/wp-json\/wp\/v2\/pages\/37\/revisions"}],"predecessor-version":[{"id":127,"href":"https:\/\/ccsei.upt.ro\/index.php\/wp-json\/wp\/v2\/pages\/37\/revisions\/127"}],"wp:attachment":[{"href":"https:\/\/ccsei.upt.ro\/index.php\/wp-json\/wp\/v2\/media?parent=37"}],"curies":[{"name":"wp","href":"https:\/\/api.w.org\/{rel}","templated":true}]}}