{"id":61,"date":"2021-09-01T08:42:26","date_gmt":"2021-09-01T08:42:26","guid":{"rendered":"https:\/\/ccsei.upt.ro\/?page_id=61"},"modified":"2021-09-01T13:51:15","modified_gmt":"2021-09-01T13:51:15","slug":"equipment-power","status":"publish","type":"page","link":"https:\/\/ccsei.upt.ro\/index.php\/equipment-power\/","title":{"rendered":"Equipment-Power Electronics"},"content":{"rendered":"\n<p><\/p>\n\n\n\n<ul><li><strong>Computers and software<\/strong><\/li><\/ul>\n\n\n\n<p>Pentium, Core2duo, 3GHz, LCD19\u201d Dell Optiplex 755 \u2013 7 pcs;<br>Pentium, Core2duo, 3GHz, LCD19\u201d HP Compaq 7800 \u2013 3 pcs;<br>CASPOC &#8211; Simulation software<\/p>\n\n\n\n<ul><li><strong>Laboratory equipment<\/strong><\/li><\/ul>\n\n\n\n<p>Echipamente de uz general<br>Osciloscop analogic Hameg HM 303\u20136 &#8211; 2 buc;<br>Osciloscop Philips PM 3550A &#8211; 1 buc;<br>Osciloscop Philips PM 3070 &#8211; 1 buc;<br>Osciloscop GW Instek GDS\u20132104 &#8211; 2 buc;<br>Punte Tesla BM595 RLCG Meter &#8211; 1 buc;<br>Fluke PM6304 Programmable Automatic RCL Meter DC-100kHz \u2013 1 buc;<br>USB Digital Intelligent Oscilloscope DSO2300 \u2013 1 buc;<br>Multimetru M 3900 &#8211; 5 buc;<br>Multimetru programabil Hameg HM 8012 \u2013 2 buc;<br>Generator de func\u0163ii Philips PM 5138 &#8211; 1 buc;<br>Surs\u0103 programabil\u0103 Hameg HM 7042-3 &#8211; 1 buc;<br>Surs\u0103 programabil\u0103 Hameg HM 8143 &#8211; 1 buc;<br>Function Signal Generator \u2013 SinoMeter YB1620A FM-AM, 20 MHz \u2013 1 buc;<br>Statii de lipit termostatate ZD-929C-2 buc;<br>Statie de lipit termostatat\u0103 Well \u2013 1 buc;<\/p>\n\n\n\n<ul><li><strong>Special equipment<\/strong><\/li><\/ul>\n\n\n\n<p>Frequency Response Analyzer &#8211; AP300, 30 MHz &#8211; 1 buc;<br>Fluke 43 Power Quality Analyzer &#8211; 1 buc;<br>Fluke 123 Industrial ScopeMeter 20 MHz &#8211; 1 buc;<br>Analizor trifazat Voltech 3000 &#8211; 1 buc;<br>Sursa de tensiune Bench Power Supply, Ultra Low Noise, Programmable, 2 Output, 0 V, 80 V, 0 A, 50 A, Power Rating: 1.2kW QPX600DP-1 buc<br>Sursa e-load DC Electronic Load, 400 W, Programmable, 0 V, 500 V, 10 A, with battery test and MPP tracking, LabView Vis, EL 3000 B Series EA-EL 3500-10B-1 buc<br>Panou fotovoltaic Shell Solar \u2013 Bannatika \u2013 1 buc;<br>Panou Fotovoltaic LG NeON2 315W &#8211; 1 buc\u0219<br>Platforme integrate NI ELVIS (National Instruments) &#8211; 4 buc;<br>Sistem modular redresoare mono si trifazate ELWE;<br>Invertor Sabina SVC 9590 \u2013 1 buc;<br>Development Kit, eZdsp, F28335, Code Composer Studio, Embedded USB JTAG &#8211; 1 buc<br>Plac\u0103 de dezvoltare microsistem &#8211; Development Board, MSP430F5510 MCU &#8211; 5 buc<br>Plac\u0103 de dezvoltare microsistem &#8211; Development Boards &amp; Kits &#8211; MSP430 MSP430 Value Line LaunchPad Dev Kit &#8211; 5 buc<br>Plac\u0103 de dezvoltare microsistem &#8211; Development Boards &amp; Kits &#8211; MSP430 TI DEV MODULE W\/ MSP430F5172 -5 buc<br>Analog Evaluation Module TPS2490EVM-001, Texas Instruments \u2013 1 buc;<br>Analog Evaluation Module TPS40140EVM-002, Texas Instruments \u2013 4 buc;<br>Analog Evaluation Module TPS62260LED-338, Texas Instruments \u2013 1 buc;<br>Cypress Programmable System-on-Chip Solution CY8CKIT-001 PSOC Development Kit \u2013 4 buc;<\/p>\n","protected":false},"excerpt":{"rendered":"<p>Computers and software Pentium, Core2duo, 3GHz, LCD19\u201d Dell Optiplex 755 \u2013 7 pcs;Pentium, Core2duo, 3GHz, LCD19\u201d HP Compaq 7800 \u2013 3 pcs;CASPOC &#8211; Simulation software Laboratory equipment Echipamente de uz generalOsciloscop analogic Hameg HM 303\u20136 &#8211; 2 buc;Osciloscop Philips PM 3550A &#8211; 1 buc;Osciloscop Philips PM 3070 &#8211; 1 buc;Osciloscop GW Instek GDS\u20132104 &#8211; 2&#8230;<\/p>\n<p class=\"more-link\"><a href=\"https:\/\/ccsei.upt.ro\/index.php\/equipment-power\/\"><span>Read More<\/span><i>&#43;<\/i><\/a><\/p>\n","protected":false},"author":2,"featured_media":0,"parent":0,"menu_order":-1,"comment_status":"closed","ping_status":"closed","template":"","meta":[],"_links":{"self":[{"href":"https:\/\/ccsei.upt.ro\/index.php\/wp-json\/wp\/v2\/pages\/61"}],"collection":[{"href":"https:\/\/ccsei.upt.ro\/index.php\/wp-json\/wp\/v2\/pages"}],"about":[{"href":"https:\/\/ccsei.upt.ro\/index.php\/wp-json\/wp\/v2\/types\/page"}],"author":[{"embeddable":true,"href":"https:\/\/ccsei.upt.ro\/index.php\/wp-json\/wp\/v2\/users\/2"}],"replies":[{"embeddable":true,"href":"https:\/\/ccsei.upt.ro\/index.php\/wp-json\/wp\/v2\/comments?post=61"}],"version-history":[{"count":4,"href":"https:\/\/ccsei.upt.ro\/index.php\/wp-json\/wp\/v2\/pages\/61\/revisions"}],"predecessor-version":[{"id":90,"href":"https:\/\/ccsei.upt.ro\/index.php\/wp-json\/wp\/v2\/pages\/61\/revisions\/90"}],"wp:attachment":[{"href":"https:\/\/ccsei.upt.ro\/index.php\/wp-json\/wp\/v2\/media?parent=61"}],"curies":[{"name":"wp","href":"https:\/\/api.w.org\/{rel}","templated":true}]}}